{"id":12,"date":"2026-04-17T10:17:43","date_gmt":"2026-04-17T13:17:43","guid":{"rendered":"https:\/\/installautomacao.canaldedenunciasoficial.com.br\/?page_id=12"},"modified":"2026-04-23T21:14:15","modified_gmt":"2026-04-24T00:14:15","slug":"canal-de-denuncias-install-automacao","status":"publish","type":"page","link":"https:\/\/installautomacao.canaldedenunciasoficial.com.br\/en\/","title":{"rendered":"Canal de Den\u00fancias Install Automa\u00e7\u00e3o"},"content":{"rendered":"<div data-elementor-type=\"wp-page\" data-elementor-id=\"12\" class=\"elementor elementor-12\">\n\t\t\t\t<div class=\"elementor-element elementor-element-ff71774 e-flex e-con-boxed e-con e-parent\" data-id=\"ff71774\" data-element_type=\"container\" data-e-type=\"container\">\n\t\t\t\t\t<div class=\"e-con-inner\">\n\t\t\t\t<div class=\"elementor-element elementor-element-d67ce9a elementor-widget elementor-widget-text-editor\" data-id=\"d67ce9a\" data-element_type=\"widget\" data-e-type=\"widget\" data-widget_type=\"text-editor.default\">\n\t\t\t\t\t\t\t\t\t\n<p style=\"text-align: justify;\">As an employee, you can report serious matters anonymously or if you have reasonable suspicion of such matters.<br \/>.<br \/>Anonymous reporting of serious matters\nThrough this page, you can submit information about reprehensible matters or report actions that are unethical, illegal or in violation of internal policies. The scheme is to be used to bring matters to light that would not otherwise have come to light.<\/p>\n\n<p style=\"text-align: justify;\">It can be reported confidentially with indication of name and contact information or, if desired, 100% anonymously.\nAll inquiries are treated confidentially and securely.<\/p>\n\n<p style=\"text-align: justify;\">HR related matters\nHR related matters cannot be reported in this system, but must instead be discussed with the immediate manager, director or HR.<\/p>\n\n<p style=\"text-align: justify;\">\u00c9 importante ressaltar que n\u00e3o toleramos retalia\u00e7\u00f5es ou puni\u00e7\u00f5es contra aqueles que denunciam. Voc\u00ea tem a op\u00e7\u00e3o de realizar den\u00fancias an\u00f4nimas.<\/p>\n\n<p style=\"text-align: justify;\">Following up on your reports can be relevant for numerous reasons:<\/p>\n\n<p style=\"text-align: justify;\">1.\tYou wish to see the status of your report, to check if action is being taken.<\/br>\n2.\tYou wish to provide additional information to your report.<\/br>\n3.\tThe system administrators has requested additional information from you to help them resolve the issue or take the appropriate action.<\/p>\n\n<p style=\"text-align: justify;\">You can read more about the whistleblowing legislation in EU here.<br \/>.\u00a0<a href=\"mailto:contato@installautomacao.com.br\">.<\/a><\/p>\n\n<p>Here you can read about what you should know before submitting a report.<\/p>\n\t\t\t\t\t\t\t\t<\/div>\n\t\t\t\t\t<\/div>\n\t\t\t\t<\/div>\n\t\t<div class=\"elementor-element elementor-element-8314d51 e-flex e-con-boxed e-con e-parent\" data-id=\"8314d51\" data-element_type=\"container\" data-e-type=\"container\">\n\t\t\t\t\t<div class=\"e-con-inner\">\n\t\t\t\t<div class=\"elementor-element elementor-element-9056ac1 elementor-align-center elementor-widget elementor-widget-button\" data-id=\"9056ac1\" data-element_type=\"widget\" data-e-type=\"widget\" data-widget_type=\"button.default\">\n\t\t\t\t\t\t\t\t\t\t<a class=\"elementor-button elementor-button-link elementor-size-sm\" href=\"https:\/\/canaldedenunciasoficial.com.br\/installautomacao\">\n\t\t\t\t\t\t<span class=\"elementor-button-content-wrapper\">\n\t\t\t\t\t\t\t\t\t<span class=\"elementor-button-text\">Submit a Complaint<\/span>\n\t\t\t\t\t<\/span>\n\t\t\t\t\t<\/a>\n\t\t\t\t\t\t\t\t<\/div>\n\t\t\t\t\t<\/div>\n\t\t\t\t<\/div>\n\t\t<div class=\"elementor-element elementor-element-3f54c93 e-flex e-con-boxed e-con e-parent\" data-id=\"3f54c93\" data-element_type=\"container\" data-e-type=\"container\">\n\t\t\t\t\t<div class=\"e-con-inner\">\n\t\t\t\t<div class=\"elementor-element elementor-element-5b1df01 elementor-widget elementor-widget-text-editor\" data-id=\"5b1df01\" data-element_type=\"widget\" data-e-type=\"widget\" data-widget_type=\"text-editor.default\">\n\t\t\t\t\t\t\t\t\t<p>If you already have an open complaint, click the button below to track its progress.<\/p>\t\t\t\t\t\t\t\t<\/div>\n\t\t\t\t<div class=\"elementor-element elementor-element-12fea2c elementor-align-center elementor-widget elementor-widget-button\" data-id=\"12fea2c\" data-element_type=\"widget\" data-e-type=\"widget\" data-widget_type=\"button.default\">\n\t\t\t\t\t\t\t\t\t\t<a class=\"elementor-button elementor-button-link elementor-size-sm\" href=\"https:\/\/canaldedenunciasoficial.com.br\/acompanhar\">\n\t\t\t\t\t\t<span class=\"elementor-button-content-wrapper\">\n\t\t\t\t\t\t\t\t\t<span class=\"elementor-button-text\">Follow-up Complaint<\/span>\n\t\t\t\t\t<\/span>\n\t\t\t\t\t<\/a>\n\t\t\t\t\t\t\t\t<\/div>\n\t\t\t\t\t<\/div>\n\t\t\t\t<\/div>\n\t\t\t\t<\/div>","protected":false},"excerpt":{"rendered":"<p>Com o compromisso de aprimorar a transpar\u00eancia em nossas opera\u00e7\u00f5es e rela\u00e7\u00f5es, a Install Automa\u00e7\u00e3o disponibiliza o seu Canal de Den\u00fancias. Este canal possui uma comunica\u00e7\u00e3o segura e an\u00f4nima para aqueles que preferem n\u00e3o se identificar.As informa\u00e7\u00f5es compartilhadas atrav\u00e9s deste canal ser\u00e3o estritamente confidenciais, respaldadas pela garantia de sigilo e prote\u00e7\u00e3o contra retalia\u00e7\u00f5es a denunciantes [&hellip;]<\/p>\n","protected":false},"author":1,"featured_media":0,"parent":0,"menu_order":0,"comment_status":"closed","ping_status":"closed","template":"","meta":{"footnotes":""},"class_list":["post-12","page","type-page","status-publish","hentry"],"_links":{"self":[{"href":"https:\/\/installautomacao.canaldedenunciasoficial.com.br\/en\/wp-json\/wp\/v2\/pages\/12","targetHints":{"allow":["GET"]}}],"collection":[{"href":"https:\/\/installautomacao.canaldedenunciasoficial.com.br\/en\/wp-json\/wp\/v2\/pages"}],"about":[{"href":"https:\/\/installautomacao.canaldedenunciasoficial.com.br\/en\/wp-json\/wp\/v2\/types\/page"}],"author":[{"embeddable":true,"href":"https:\/\/installautomacao.canaldedenunciasoficial.com.br\/en\/wp-json\/wp\/v2\/users\/1"}],"replies":[{"embeddable":true,"href":"https:\/\/installautomacao.canaldedenunciasoficial.com.br\/en\/wp-json\/wp\/v2\/comments?post=12"}],"version-history":[{"count":16,"href":"https:\/\/installautomacao.canaldedenunciasoficial.com.br\/en\/wp-json\/wp\/v2\/pages\/12\/revisions"}],"predecessor-version":[{"id":56,"href":"https:\/\/installautomacao.canaldedenunciasoficial.com.br\/en\/wp-json\/wp\/v2\/pages\/12\/revisions\/56"}],"wp:attachment":[{"href":"https:\/\/installautomacao.canaldedenunciasoficial.com.br\/en\/wp-json\/wp\/v2\/media?parent=12"}],"curies":[{"name":"wp","href":"https:\/\/api.w.org\/{rel}","templated":true}]}}